{"id":7004,"date":"2024-05-31T14:09:38","date_gmt":"2024-05-31T12:09:38","guid":{"rendered":"https:\/\/poczywaj.pl\/attractions-and-surroundings\/"},"modified":"2024-06-28T11:24:52","modified_gmt":"2024-06-28T09:24:52","slug":"attractions-and-surroundings","status":"publish","type":"page","link":"https:\/\/poczywaj.pl\/en\/attractions-and-surroundings\/","title":{"rendered":"Attractions and surroundings"},"content":{"rendered":"\t\t<div data-elementor-type=\"wp-page\" data-elementor-id=\"7004\" class=\"elementor elementor-7004 elementor-365\" data-elementor-post-type=\"page\">\n\t\t\t\t\t\t<section class=\"elementor-section elementor-top-section elementor-element elementor-element-7a8b03a1 elementor-section-content-middle elementor-section-boxed elementor-section-height-default elementor-section-height-default\" data-id=\"7a8b03a1\" data-element_type=\"section\">\n\t\t\t\t\t\t<div class=\"elementor-container elementor-column-gap-wider\">\n\t\t\t\t\t<div class=\"elementor-column elementor-col-50 elementor-top-column elementor-element elementor-element-31909bf7\" data-id=\"31909bf7\" data-element_type=\"column\">\n\t\t\t<div class=\"elementor-widget-wrap elementor-element-populated\">\n\t\t\t\t\t\t<div class=\"elementor-element elementor-element-69e9b24 elementor-widget elementor-widget-image\" data-id=\"69e9b24\" data-element_type=\"widget\" data-widget_type=\"image.default\">\n\t\t\t\t<div class=\"elementor-widget-container\">\n\t\t\t\t\t\t\t\t\t\t\t\t\t\t<a href=\"https:\/\/poczywaj.pl\/service\/\">\n\t\t\t\t\t\t\t<img decoding=\"async\" src=\"https:\/\/poczywaj.pl\/wp-content\/uploads\/2019\/11\/7-bg-134.jpg\" title=\"\" alt=\"\" loading=\"lazy\" \/>\t\t\t\t\t\t\t\t<\/a>\n\t\t\t\t\t\t\t\t\t\t\t\t\t<\/div>\n\t\t\t\t<\/div>\n\t\t\t\t\t<\/div>\n\t\t<\/div>\n\t\t\t\t<div class=\"elementor-column elementor-col-50 elementor-top-column elementor-element elementor-element-7412a893\" data-id=\"7412a893\" data-element_type=\"column\">\n\t\t\t<div class=\"elementor-widget-wrap elementor-element-populated\">\n\t\t\t\t\t\t<div class=\"elementor-element elementor-element-6371ace1 elementor-widget elementor-widget-heading\" data-id=\"6371ace1\" data-element_type=\"widget\" data-widget_type=\"heading.default\">\n\t\t\t\t<div class=\"elementor-widget-container\">\n\t\t\t<h2 class=\"elementor-heading-title elementor-size-default\">Jordan\u00f3w<\/h2>\t\t<\/div>\n\t\t\t\t<\/div>\n\t\t\t\t<div class=\"elementor-element elementor-element-33b79a2b elementor-widget elementor-widget-spacer\" data-id=\"33b79a2b\" data-element_type=\"widget\" data-widget_type=\"spacer.default\">\n\t\t\t\t<div class=\"elementor-widget-container\">\n\t\t\t\t\t<div class=\"elementor-spacer\">\n\t\t\t<div class=\"elementor-spacer-inner\"><\/div>\n\t\t<\/div>\n\t\t\t\t<\/div>\n\t\t\t\t<\/div>\n\t\t\t\t<div class=\"elementor-element elementor-element-54a1e2ed elementor-widget elementor-widget-text-editor\" data-id=\"54a1e2ed\" data-element_type=\"widget\" data-widget_type=\"text-editor.default\">\n\t\t\t\t<div class=\"elementor-widget-container\">\n\t\t\t\t\t\t\t<p>Jordan\u00f3w is a charming town in Suski County in Lesser Poland, which, due to its location among mountains and forests, has earned the name of a &#8220;green town&#8221; and a holiday-tourist destination. It is a convenient starting point for trips to nearby mountain ranges including Lubo\u0144 or Babia G\u00f3ra, whose grandeur can be admired from the rented house. A short distance away is the Babia G\u00f3ra National Park. Near the house is Przykiec peak with attractive vantage points on the Skawa valley, the Island Beskid, the Gorce Mountains, the Tatra Mountains and the Babia G\u00f3ra Range. There are also numerous ski slopes in the area.  <\/p>\n\t\t\t\t\t\t<\/div>\n\t\t\t\t<\/div>\n\t\t\t\t<div class=\"elementor-element elementor-element-4a30e8d5 elementor-widget elementor-widget-spacer\" data-id=\"4a30e8d5\" data-element_type=\"widget\" data-widget_type=\"spacer.default\">\n\t\t\t\t<div class=\"elementor-widget-container\">\n\t\t\t\t\t<div class=\"elementor-spacer\">\n\t\t\t<div class=\"elementor-spacer-inner\"><\/div>\n\t\t<\/div>\n\t\t\t\t<\/div>\n\t\t\t\t<\/div>\n\t\t\t\t\t<\/div>\n\t\t<\/div>\n\t\t\t\t\t<\/div>\n\t\t<\/section>\n\t\t\t\t<section class=\"elementor-section elementor-top-section elementor-element elementor-element-5d7721c elementor-section-content-middle elementor-section-boxed elementor-section-height-default elementor-section-height-default\" data-id=\"5d7721c\" data-element_type=\"section\">\n\t\t\t\t\t\t<div class=\"elementor-container elementor-column-gap-wider\">\n\t\t\t\t\t<div class=\"elementor-column elementor-col-50 elementor-top-column elementor-element elementor-element-beff2bc\" data-id=\"beff2bc\" data-element_type=\"column\">\n\t\t\t<div class=\"elementor-widget-wrap elementor-element-populated\">\n\t\t\t\t\t\t<div class=\"elementor-element elementor-element-6991f69 elementor-widget elementor-widget-heading\" data-id=\"6991f69\" data-element_type=\"widget\" data-widget_type=\"heading.default\">\n\t\t\t\t<div class=\"elementor-widget-container\">\n\t\t\t<h2 class=\"elementor-heading-title elementor-size-default\">Neighborhood<\/h2>\t\t<\/div>\n\t\t\t\t<\/div>\n\t\t\t\t<div class=\"elementor-element elementor-element-8c07fea elementor-widget elementor-widget-spacer\" data-id=\"8c07fea\" data-element_type=\"widget\" data-widget_type=\"spacer.default\">\n\t\t\t\t<div class=\"elementor-widget-container\">\n\t\t\t\t\t<div class=\"elementor-spacer\">\n\t\t\t<div class=\"elementor-spacer-inner\"><\/div>\n\t\t<\/div>\n\t\t\t\t<\/div>\n\t\t\t\t<\/div>\n\t\t\t\t<div class=\"elementor-element elementor-element-142a90e elementor-widget elementor-widget-text-editor\" data-id=\"142a90e\" data-element_type=\"widget\" data-widget_type=\"text-editor.default\">\n\t\t\t\t<div class=\"elementor-widget-container\">\n\t\t\t\t\t\t\t<p><span style=\"font-weight: 400;\">The house is located on the sidelines, away from the hustle and bustle of the city.<br \/><\/span><span style=\"font-weight: 400;\">From the large garden there is a view of Babia G\u00f3ra.<br \/><\/span><span style=\"font-weight: 400;\">You can walk to the nearby forest, through which there are mountain trails, a detailed description of which can be found below.<br \/><\/span><span style=\"font-weight: 400;\">The market, where there is an opportunity for a variety of shopping, is only a 10-minute walk from our house. The &#8220;U Lipy&#8221; restaurant is also nearby.<br \/><\/span><\/p>\n<p><span style=\"font-weight: 400;\">The cottage is located:  <\/span><\/p>\n<p><span style=\"font-weight: 400;\">&#8211; ca. 15 km from the town of Rabka-Zdr\u00f3j  <br \/><\/span><span style=\"font-weight: 400;\">&#8211; ca. 23 km Sucha-Beskidzka<br \/><\/span><span style=\"font-weight: 400;\">&#8211; ca. 65 km from the city of Cracow<br \/><\/span><span style=\"font-weight: 400;\">&#8211; ca. 53 km from Zakopane<\/span><\/p>\n\t\t\t\t\t\t<\/div>\n\t\t\t\t<\/div>\n\t\t\t\t<div class=\"elementor-element elementor-element-0a124d1 elementor-widget elementor-widget-spacer\" data-id=\"0a124d1\" data-element_type=\"widget\" data-widget_type=\"spacer.default\">\n\t\t\t\t<div class=\"elementor-widget-container\">\n\t\t\t\t\t<div class=\"elementor-spacer\">\n\t\t\t<div class=\"elementor-spacer-inner\"><\/div>\n\t\t<\/div>\n\t\t\t\t<\/div>\n\t\t\t\t<\/div>\n\t\t\t\t\t<\/div>\n\t\t<\/div>\n\t\t\t\t<div class=\"elementor-column elementor-col-50 elementor-top-column elementor-element elementor-element-c488b77\" data-id=\"c488b77\" data-element_type=\"column\">\n\t\t\t<div class=\"elementor-widget-wrap elementor-element-populated\">\n\t\t\t\t\t\t<div class=\"elementor-element elementor-element-9d10840 elementor-widget elementor-widget-image\" data-id=\"9d10840\" data-element_type=\"widget\" data-widget_type=\"image.default\">\n\t\t\t\t<div class=\"elementor-widget-container\">\n\t\t\t\t\t\t\t\t\t\t\t\t\t\t<a href=\"https:\/\/poczywaj.pl\/service\/\">\n\t\t\t\t\t\t\t<img decoding=\"async\" src=\"https:\/\/poczywaj.pl\/wp-content\/uploads\/2019\/11\/7-bg-125.jpg\" title=\"\" alt=\"\" loading=\"lazy\" \/>\t\t\t\t\t\t\t\t<\/a>\n\t\t\t\t\t\t\t\t\t\t\t\t\t<\/div>\n\t\t\t\t<\/div>\n\t\t\t\t\t<\/div>\n\t\t<\/div>\n\t\t\t\t\t<\/div>\n\t\t<\/section>\n\t\t\t\t<section class=\"elementor-section elementor-top-section elementor-element elementor-element-c9c8846 elementor-section-content-middle elementor-section-boxed elementor-section-height-default elementor-section-height-default\" data-id=\"c9c8846\" data-element_type=\"section\">\n\t\t\t\t\t\t<div class=\"elementor-container elementor-column-gap-wider\">\n\t\t\t\t\t<div class=\"elementor-column elementor-col-50 elementor-top-column elementor-element elementor-element-640a322\" data-id=\"640a322\" data-element_type=\"column\">\n\t\t\t<div class=\"elementor-widget-wrap elementor-element-populated\">\n\t\t\t\t\t\t<div class=\"elementor-element elementor-element-276bcb1 elementor-widget elementor-widget-image\" data-id=\"276bcb1\" data-element_type=\"widget\" data-widget_type=\"image.default\">\n\t\t\t\t<div class=\"elementor-widget-container\">\n\t\t\t\t\t\t\t\t\t\t\t\t\t\t<a href=\"https:\/\/poczywaj.pl\/service\/\">\n\t\t\t\t\t\t\t<img decoding=\"async\" src=\"https:\/\/poczywaj.pl\/wp-content\/uploads\/2019\/11\/el007.jpg\" title=\"\" alt=\"\" loading=\"lazy\" \/>\t\t\t\t\t\t\t\t<\/a>\n\t\t\t\t\t\t\t\t\t\t\t\t\t<\/div>\n\t\t\t\t<\/div>\n\t\t\t\t\t<\/div>\n\t\t<\/div>\n\t\t\t\t<div class=\"elementor-column elementor-col-50 elementor-top-column elementor-element elementor-element-219ab4c\" data-id=\"219ab4c\" data-element_type=\"column\">\n\t\t\t<div class=\"elementor-widget-wrap elementor-element-populated\">\n\t\t\t\t\t\t<div class=\"elementor-element elementor-element-e3d2c5c elementor-widget elementor-widget-heading\" data-id=\"e3d2c5c\" data-element_type=\"widget\" data-widget_type=\"heading.default\">\n\t\t\t\t<div class=\"elementor-widget-container\">\n\t\t\t<h2 class=\"elementor-heading-title elementor-size-default\">For the active:\nMountain trails<\/h2>\t\t<\/div>\n\t\t\t\t<\/div>\n\t\t\t\t<div class=\"elementor-element elementor-element-6d58995 elementor-widget elementor-widget-spacer\" data-id=\"6d58995\" data-element_type=\"widget\" data-widget_type=\"spacer.default\">\n\t\t\t\t<div class=\"elementor-widget-container\">\n\t\t\t\t\t<div class=\"elementor-spacer\">\n\t\t\t<div class=\"elementor-spacer-inner\"><\/div>\n\t\t<\/div>\n\t\t\t\t<\/div>\n\t\t\t\t<\/div>\n\t\t\t\t<div class=\"elementor-element elementor-element-25e380d elementor-widget elementor-widget-text-editor\" data-id=\"25e380d\" data-element_type=\"widget\" data-widget_type=\"text-editor.default\">\n\t\t\t\t<div class=\"elementor-widget-container\">\n\t\t\t\t\t\t\t<p><span style=\"font-weight: 400;\">Map of hiking trails in the vicinity of Jordanow. Source: mapa-turystyczna.pl<\/span><\/p>\n<p><b>Red Trail:<\/b><\/p>\n<p><span style=\"font-weight: 400;\">&#8211; Jordan\u00f3w &#8211; Bystra village &#8211; Hala Krupowa hostel (about 17 km one way). Further on you can go to Polica and even Babia Gora. It is also possible to descend to the village of Sidzina, reach the center of Sidzina and from there return to Jordan\u00f3w by public transportation.<\/span><\/p>\n<p><span style=\"font-weight: 400;\">&#8211; in the opposite direction: Jordan\u00f3w &#8211; Wysoka village &#8211; Skawa village &#8211; Rabka (about 16 km).<\/span><\/p>\n<p><span style=\"font-weight: 400;\">View the trail from Sidzina to Hala Krupowa: <\/span><a href=\"https:\/\/www.wbeskidzie.pl\/hala-krupowa\/\"><br \/>\n  <span style=\"font-weight: 400;\">From Sidzina to Hala Krupowa<\/span><br \/>\n<\/a><\/p>\n<p><b>Yellow Trail:<\/b><\/p>\n<p><span style=\"font-weight: 400;\">&#8211; To the small hill of Kowalowka above Jordan (about 4 km, most of which by paved road). Further on, the trail leads to the village of Krzecz\u00f3w and to the top of Z\u0119balowa.<\/span><\/p>\n<p><span style=\"font-weight: 400;\">&#8211; in the opposite direction: Jordan\u00f3w &#8211; Mount Ludwiki over Jordan\u00f3w and Bystra (about 4 km. most of it by asphalt road). From Mt. Ludwiki you can descend along the blue trail to Sidzina and return by bus to Jordan\u00f3w, or follow the yellow trail to the B\u00f3r equestrian center in Toporzysko and from there return along the same route or through the village of Sidzina.<\/span><\/p>\n<p><span style=\"font-weight: 400;\">From Mt. Ludwiki you can also go down the blue trail to the village of Wysoka and then take the red trail to Jordan\u00f3w PKP.<\/span><\/p>\n<p><span style=\"font-weight: 400;\">Check out the trip to Mount Ludwig: <\/span><a href=\"https:\/\/www.wbeskidzie.pl\/gora-ludwiki-wysoka\/\"><br \/>\n  <span style=\"font-weight: 400;\">https:\/\/www.wbeskidzie.pl\/gora-ludwiki-wysoka\/<\/span><br \/>\n<\/a><\/p>\n<p><b>Blue Trail:<\/b><\/p>\n<p><span style=\"font-weight: 400;\">&#8211; Jordan\u00f3w &#8211; Gro\u0144\/Polana Gronie (approx. 7 km. one way. From here you can descend to Osielc near Jordan and from there return by bus to the starting point. You can also continue following the trail to Koskowa Gora and then reach Mak\u00f3w Podhala\u0144ski (following the yellow trail).<\/span><\/p>\n<p><span style=\"font-weight: 400;\">&#8211; Jordan\u00f3w &#8211; Lubo\u0144 Ma\u0142y (about half of the route to this peak is an asphalt road) and then you can continue on to Lubo\u0144 Wielki. On Lubo\u0144 Wielki from Jordan\u00f3w we have approx. 14 km one way. Then you can go down to Rabka and return by public transportation to Jordan\u00f3w.<\/span><\/p>\n\t\t\t\t\t\t<\/div>\n\t\t\t\t<\/div>\n\t\t\t\t\t<\/div>\n\t\t<\/div>\n\t\t\t\t\t<\/div>\n\t\t<\/section>\n\t\t\t\t<section class=\"elementor-section elementor-top-section elementor-element elementor-element-c5a0ebf elementor-section-content-middle elementor-section-boxed elementor-section-height-default elementor-section-height-default\" data-id=\"c5a0ebf\" data-element_type=\"section\">\n\t\t\t\t\t\t<div class=\"elementor-container elementor-column-gap-wider\">\n\t\t\t\t\t<div class=\"elementor-column elementor-col-50 elementor-top-column elementor-element elementor-element-d11bd89\" data-id=\"d11bd89\" data-element_type=\"column\">\n\t\t\t<div class=\"elementor-widget-wrap elementor-element-populated\">\n\t\t\t\t\t\t<div class=\"elementor-element elementor-element-5f8a145 elementor-widget elementor-widget-heading\" data-id=\"5f8a145\" data-element_type=\"widget\" data-widget_type=\"heading.default\">\n\t\t\t\t<div class=\"elementor-widget-container\">\n\t\t\t<h2 class=\"elementor-heading-title elementor-size-default\">For the active:\nSki lifts<\/h2>\t\t<\/div>\n\t\t\t\t<\/div>\n\t\t\t\t<div class=\"elementor-element elementor-element-a8ddd24 elementor-widget elementor-widget-spacer\" data-id=\"a8ddd24\" data-element_type=\"widget\" data-widget_type=\"spacer.default\">\n\t\t\t\t<div class=\"elementor-widget-container\">\n\t\t\t\t\t<div class=\"elementor-spacer\">\n\t\t\t<div class=\"elementor-spacer-inner\"><\/div>\n\t\t<\/div>\n\t\t\t\t<\/div>\n\t\t\t\t<\/div>\n\t\t\t\t<div class=\"elementor-element elementor-element-98b2ded elementor-widget elementor-widget-text-editor\" data-id=\"98b2ded\" data-element_type=\"widget\" data-widget_type=\"text-editor.default\">\n\t\t\t\t<div class=\"elementor-widget-container\">\n\t\t\t\t\t\t\t<p><span style=\"font-weight: 400;\">There are many ski slopes near Jordan.  <\/span><\/p>\n<p><span style=\"font-weight: 400;\">&#8211; Spytkowice -10 km<br \/><\/span><span style=\"font-weight: 400;\">&#8211; Skomielna Czarna &#8211; 16 km<br \/><\/span><span style=\"font-weight: 400;\">&#8211; Polczak\u00f3wksa- 12 km<br \/><\/span><span style=\"font-weight: 400;\">&#8211; Maciejowa- 13 km<br \/><\/span><span style=\"font-weight: 400;\">&#8211; Koninki- 19 km<br \/><\/span><span style=\"font-weight: 400;\">&#8211; Zawoja- 20 km<br \/><\/span><span style=\"font-weight: 400;\">&#8211; My\u015blenice Zarabie &#8211; 20 km<br \/><\/span><span style=\"font-weight: 400;\">&#8211; Mosorny Gro\u0144 Zawoja &#8211; 20 km <\/span> <\/p>\n<p><span style=\"font-weight: 400;\">Jordans is only 45 km away from the largest ski complex located in Bialka-Tatranska &#8211; about 50 minutes by car.  <\/span><\/p>\n\t\t\t\t\t\t<\/div>\n\t\t\t\t<\/div>\n\t\t\t\t\t<\/div>\n\t\t<\/div>\n\t\t\t\t<div class=\"elementor-column elementor-col-50 elementor-top-column elementor-element elementor-element-39fd9f9\" data-id=\"39fd9f9\" data-element_type=\"column\">\n\t\t\t<div class=\"elementor-widget-wrap elementor-element-populated\">\n\t\t\t\t\t\t<div class=\"elementor-element elementor-element-a7d390b elementor-widget elementor-widget-image\" data-id=\"a7d390b\" data-element_type=\"widget\" data-widget_type=\"image.default\">\n\t\t\t\t<div class=\"elementor-widget-container\">\n\t\t\t\t\t\t\t\t\t\t\t\t\t\t<a href=\"https:\/\/poczywaj.pl\/service\/\">\n\t\t\t\t\t\t\t<img decoding=\"async\" src=\"https:\/\/poczywaj.pl\/wp-content\/uploads\/2019\/11\/el007.jpg\" title=\"\" alt=\"\" loading=\"lazy\" \/>\t\t\t\t\t\t\t\t<\/a>\n\t\t\t\t\t\t\t\t\t\t\t\t\t<\/div>\n\t\t\t\t<\/div>\n\t\t\t\t\t<\/div>\n\t\t<\/div>\n\t\t\t\t\t<\/div>\n\t\t<\/section>\n\t\t\t\t<section class=\"elementor-section elementor-top-section elementor-element elementor-element-3b11fdc elementor-section-content-middle elementor-section-boxed elementor-section-height-default elementor-section-height-default\" data-id=\"3b11fdc\" data-element_type=\"section\">\n\t\t\t\t\t\t<div class=\"elementor-container elementor-column-gap-wider\">\n\t\t\t\t\t<div class=\"elementor-column elementor-col-50 elementor-top-column elementor-element elementor-element-895db65\" data-id=\"895db65\" data-element_type=\"column\">\n\t\t\t<div class=\"elementor-widget-wrap elementor-element-populated\">\n\t\t\t\t\t\t<div class=\"elementor-element elementor-element-cb311aa elementor-widget elementor-widget-image\" data-id=\"cb311aa\" data-element_type=\"widget\" data-widget_type=\"image.default\">\n\t\t\t\t<div class=\"elementor-widget-container\">\n\t\t\t\t\t\t\t\t\t\t\t\t\t\t<a href=\"https:\/\/poczywaj.pl\/service\/\">\n\t\t\t\t\t\t\t<img decoding=\"async\" src=\"https:\/\/poczywaj.pl\/wp-content\/uploads\/2019\/11\/el007.jpg\" title=\"\" alt=\"\" loading=\"lazy\" \/>\t\t\t\t\t\t\t\t<\/a>\n\t\t\t\t\t\t\t\t\t\t\t\t\t<\/div>\n\t\t\t\t<\/div>\n\t\t\t\t\t<\/div>\n\t\t<\/div>\n\t\t\t\t<div class=\"elementor-column elementor-col-50 elementor-top-column elementor-element elementor-element-810ae89\" data-id=\"810ae89\" data-element_type=\"column\">\n\t\t\t<div class=\"elementor-widget-wrap elementor-element-populated\">\n\t\t\t\t\t\t<div class=\"elementor-element elementor-element-7282159 elementor-widget elementor-widget-heading\" data-id=\"7282159\" data-element_type=\"widget\" data-widget_type=\"heading.default\">\n\t\t\t\t<div class=\"elementor-widget-container\">\n\t\t\t<h2 class=\"elementor-heading-title elementor-size-default\">For the active:\nSwimming pools and thermal baths<\/h2>\t\t<\/div>\n\t\t\t\t<\/div>\n\t\t\t\t<div class=\"elementor-element elementor-element-b0dfba8 elementor-widget elementor-widget-spacer\" data-id=\"b0dfba8\" data-element_type=\"widget\" data-widget_type=\"spacer.default\">\n\t\t\t\t<div class=\"elementor-widget-container\">\n\t\t\t\t\t<div class=\"elementor-spacer\">\n\t\t\t<div class=\"elementor-spacer-inner\"><\/div>\n\t\t<\/div>\n\t\t\t\t<\/div>\n\t\t\t\t<\/div>\n\t\t\t\t<div class=\"elementor-element elementor-element-102bdfa elementor-widget elementor-widget-text-editor\" data-id=\"102bdfa\" data-element_type=\"widget\" data-widget_type=\"text-editor.default\">\n\t\t\t\t<div class=\"elementor-widget-container\">\n\t\t\t\t\t\t\t<p><span style=\"font-weight: 400;\">About 6 km from the house there is an indoor swimming pool. This is the swimming pool in Naprawa- website www- <a href=\"https:\/\/www.basennaprawa.pl\/\">basennaprawa.pl<\/a><\/span><\/p>\n<p><span style=\"font-weight: 400;\">At a distance of about 40 km there are also thermal baths: Szaflary Thermal Baths, Chocholowskie Thermal Baths, Bania Thermal Baths, Bukowina Thermal Baths.<\/span><\/p>\n\t\t\t\t\t\t<\/div>\n\t\t\t\t<\/div>\n\t\t\t\t\t<\/div>\n\t\t<\/div>\n\t\t\t\t\t<\/div>\n\t\t<\/section>\n\t\t\t\t<\/div>\n\t\t","protected":false},"excerpt":{"rendered":"<p>Jordan\u00f3w Jordan\u00f3w is a charming town in Suski County in Lesser Poland, which, due to its location among mountains and forests, has earned the name of a &#8220;green town&#8221; and a holiday-tourist destination. It is a convenient starting point for trips to nearby mountain ranges including Lubo\u0144 or Babia G\u00f3ra, whose grandeur can be admired&hellip;<\/p>\n","protected":false},"author":1,"featured_media":0,"parent":0,"menu_order":0,"comment_status":"closed","ping_status":"closed","template":"elementor_header_footer","meta":{"footnotes":""},"class_list":["post-7004","page","type-page","status-publish","hentry"],"_links":{"self":[{"href":"https:\/\/poczywaj.pl\/en\/wp-json\/wp\/v2\/pages\/7004","targetHints":{"allow":["GET"]}}],"collection":[{"href":"https:\/\/poczywaj.pl\/en\/wp-json\/wp\/v2\/pages"}],"about":[{"href":"https:\/\/poczywaj.pl\/en\/wp-json\/wp\/v2\/types\/page"}],"author":[{"embeddable":true,"href":"https:\/\/poczywaj.pl\/en\/wp-json\/wp\/v2\/users\/1"}],"replies":[{"embeddable":true,"href":"https:\/\/poczywaj.pl\/en\/wp-json\/wp\/v2\/comments?post=7004"}],"version-history":[{"count":1,"href":"https:\/\/poczywaj.pl\/en\/wp-json\/wp\/v2\/pages\/7004\/revisions"}],"predecessor-version":[{"id":7005,"href":"https:\/\/poczywaj.pl\/en\/wp-json\/wp\/v2\/pages\/7004\/revisions\/7005"}],"wp:attachment":[{"href":"https:\/\/poczywaj.pl\/en\/wp-json\/wp\/v2\/media?parent=7004"}],"curies":[{"name":"wp","href":"https:\/\/api.w.org\/{rel}","templated":true}]}}